{"id":6352,"date":"2023-10-16T17:04:22","date_gmt":"2023-10-16T17:04:22","guid":{"rendered":"https:\/\/www.voltproject.eu\/es\/?page_id=6352"},"modified":"2025-01-22T09:41:42","modified_gmt":"2025-01-22T09:41:42","slug":"volt-videos-2","status":"publish","type":"page","link":"https:\/\/www.voltproject.eu\/es\/?page_id=6352","title":{"rendered":"VOLT Videos"},"content":{"rendered":"\n\n\t\t\t\t<figure>\n\t\t\t\t\t\t\t<a href=\"https:\/\/www.voltproject.eu\/es\/?page_id=6309\" title=\"\" target=\"_blank\" rel=\"noopener\">\n\t\t\t\t<img decoding=\"async\" src=\"https:\/\/www.voltproject.eu\/es\/wp-content\/uploads\/2023\/09\/VOLT_ICONS_V4-01.png\" alt=\"VOLT_ICONS_V4-01\" itemprop=\"image\"\/>\n\t\t\t\t\t\t\t<\/a>\n\t\t\t\t\t\t<figcaption>\n\t\t\t\t<h3>\n\t\t\t\t\t\t\t\t\t<a href=\"https:\/\/www.voltproject.eu\/es\/?page_id=6309\" title=\"\" target=\"_blank\" rel=\"noopener\">\n\t\t\t\t\t\t\t\t\t<\/a>\n\t\t\t\t\t\t\t\t<\/h3>\n\t\t\t\t\t\t\t\t\t<p><a href=\"https:\/\/www.voltproject.eu\/es\/?page_id=6309\">V\u00cdDEOS DE FORMACI\u00d3N<\/a><\/p>\n\t\t\t\t\t\t\t<\/figcaption>\n\t\t<\/figure>\n\t\t\t\t<figure>\n\t\t\t\t\t\t\t<a href=\"https:\/\/www.voltproject.eu\/es\/?page_id=6330\" title=\"\" target=\"_blank\" rel=\"noopener\">\n\t\t\t\t<img decoding=\"async\" src=\"https:\/\/www.voltproject.eu\/es\/wp-content\/uploads\/2023\/09\/VOLT_ICONS_V4-07.png\" alt=\"VOLT_ICONS_V4-01\" itemprop=\"image\"\/>\n\t\t\t\t\t\t\t<\/a>\n\t\t\t\t\t\t<figcaption>\n\t\t\t\t<h3>\n\t\t\t\t\t\t\t\t\t<a href=\"https:\/\/www.voltproject.eu\/es\/?page_id=6330\" title=\"\" target=\"_blank\" rel=\"noopener\">\n\t\t\t\t\t\t\t\t\t<\/a>\n\t\t\t\t\t\t\t\t<\/h3>\n\t\t\t\t\t\t\t\t\t<p><a href=\"https:\/\/www.voltproject.eu\/es\/?page_id=6330\">V\u00cdDEOS DE SENSIBILIZACI\u00d3N<\/a><\/p>\n\t\t\t\t\t\t\t<\/figcaption>\n\t\t<\/figure>\n\t\t\t\t<figure>\n\t\t\t\t\t\t\t<a href=\"https:\/\/www.voltproject.eu\/es\/?page_id=6333\" title=\"\" target=\"_blank\" rel=\"noopener\">\n\t\t\t\t<img decoding=\"async\" src=\"https:\/\/www.voltproject.eu\/es\/wp-content\/uploads\/2023\/09\/VOLT_ICONS_V4-13.png\" alt=\"VOLT_ICONS_V4-01\" itemprop=\"image\"\/>\n\t\t\t\t\t\t\t<\/a>\n\t\t\t\t\t\t<figcaption>\n\t\t\t\t<h3>\n\t\t\t\t\t\t\t\t\t<a href=\"https:\/\/www.voltproject.eu\/es\/?page_id=6333\" title=\"\" target=\"_blank\" rel=\"noopener\">\n\t\t\t\t\t\t\t\t\t<\/a>\n\t\t\t\t\t\t\t\t<\/h3>\n\t\t\t\t\t\t\t\t\t<p><a href=\"https:\/\/www.voltproject.eu\/es\/?page_id=6333\">V\u00cdDEOS DE PRESENTACI\u00d3N DE LOGROS<\/a><\/p>\n\t\t\t\t\t\t\t<\/figcaption>\n\t\t<\/figure>\n\t\t\t<a href=\"https:\/\/www.voltproject.eu\/es\/?page_id=6207\" target=\"_blank\" role=\"button\" rel=\"noopener\">\n\t\t\t\t\t\tVer todos los v\u00eddeos\n\t\t<\/a>\n\t\n","protected":false},"excerpt":{"rendered":"<p>V\u00cdDEOS DE FORMACI\u00d3N V\u00cdDEOS DE SENSIBILIZACI\u00d3N V\u00cdDEOS DE PRESENTACI\u00d3N DE LOGROS Ver todos los v\u00eddeos<\/p>\n","protected":false},"author":1,"featured_media":0,"parent":0,"menu_order":0,"comment_status":"closed","ping_status":"closed","template":"","meta":{"_monsterinsights_skip_tracking":false,"_monsterinsights_sitenote_active":false,"_monsterinsights_sitenote_note":"","_monsterinsights_sitenote_category":0,"footnotes":""},"_links":{"self":[{"href":"https:\/\/www.voltproject.eu\/es\/index.php?rest_route=\/wp\/v2\/pages\/6352"}],"collection":[{"href":"https:\/\/www.voltproject.eu\/es\/index.php?rest_route=\/wp\/v2\/pages"}],"about":[{"href":"https:\/\/www.voltproject.eu\/es\/index.php?rest_route=\/wp\/v2\/types\/page"}],"author":[{"embeddable":true,"href":"https:\/\/www.voltproject.eu\/es\/index.php?rest_route=\/wp\/v2\/users\/1"}],"replies":[{"embeddable":true,"href":"https:\/\/www.voltproject.eu\/es\/index.php?rest_route=%2Fwp%2Fv2%2Fcomments&post=6352"}],"version-history":[{"count":4,"href":"https:\/\/www.voltproject.eu\/es\/index.php?rest_route=\/wp\/v2\/pages\/6352\/revisions"}],"predecessor-version":[{"id":6572,"href":"https:\/\/www.voltproject.eu\/es\/index.php?rest_route=\/wp\/v2\/pages\/6352\/revisions\/6572"}],"wp:attachment":[{"href":"https:\/\/www.voltproject.eu\/es\/index.php?rest_route=%2Fwp%2Fv2%2Fmedia&parent=6352"}],"curies":[{"name":"wp","href":"https:\/\/api.w.org\/{rel}","templated":true}]}}