{"id":6333,"date":"2023-09-30T11:12:25","date_gmt":"2023-09-30T11:12:25","guid":{"rendered":"https:\/\/www.voltproject.eu\/es\/?page_id=6333"},"modified":"2025-01-22T15:52:33","modified_gmt":"2025-01-22T15:52:33","slug":"temas-de-los-videos-de-sensibilizacion-copy","status":"publish","type":"page","link":"https:\/\/www.voltproject.eu\/es\/?page_id=6333","title":{"rendered":"Temas de los v\u00eddeos de presentaci\u00f3n de logros"},"content":{"rendered":"\n\n\t\t\t\t<figure>\n\t\t\t\t\t\t\t<a href=\"https:\/\/www.voltproject.eu\/es\/?portfolio=premios\" title=\"\" target=\"_blank\" rel=\"noopener\">\n\t\t\t\t<img decoding=\"async\" src=\"https:\/\/www.voltproject.eu\/es\/wp-content\/uploads\/2023\/09\/VOLT_ICONS_V4-14.png\" alt=\"VOLT_ICONS_V4-14\" itemprop=\"image\"\/>\n\t\t\t\t\t\t\t<\/a>\n\t\t\t\t\t\t<figcaption>\n\t\t\t\t<h3>\n\t\t\t\t\t\t\t\t\t<a href=\"https:\/\/www.voltproject.eu\/es\/?portfolio=premios\" title=\"\" target=\"_blank\" rel=\"noopener\">\n\t\t\t\t\t\t\t\t\t<\/a>\n\t\t\t\t\t\t\t\t<\/h3>\n\t\t\t\t\t\t\t\t\t<p><b>Premios<\/b><\/p>\n\t\t\t\t\t\t\t<\/figcaption>\n\t\t<\/figure>\n\t\t\t\t<figure>\n\t\t\t\t\t\t\t<a href=\"https:\/\/www.voltproject.eu\/es\/?portfolio=aprendizaje-academico\" title=\"\" target=\"_blank\" rel=\"noopener\">\n\t\t\t\t<img decoding=\"async\" src=\"https:\/\/www.voltproject.eu\/es\/wp-content\/uploads\/2023\/09\/VOLT_ICONS_V4-15.png\" alt=\"VOLT_ICONS_V4-14\" itemprop=\"image\"\/>\n\t\t\t\t\t\t\t<\/a>\n\t\t\t\t\t\t<figcaption>\n\t\t\t\t<h3>\n\t\t\t\t\t\t\t\t\t<a href=\"https:\/\/www.voltproject.eu\/es\/?portfolio=aprendizaje-academico\" title=\"\" target=\"_blank\" rel=\"noopener\">\n\t\t\t\t\t\t\t\t\t<\/a>\n\t\t\t\t\t\t\t\t<\/h3>\n\t\t\t\t\t\t\t\t\t<p><a href=\"https:\/\/www.voltproject.eu\/es\/?portfolio=aprendizaje-academico\">Aprendizaje acad\u00e9mico<\/a><\/p>\n\t\t\t\t\t\t\t<\/figcaption>\n\t\t<\/figure>\n\t\t\t\t<figure>\n\t\t\t\t\t\t\t<a href=\"https:\/\/www.voltproject.eu\/es\/?portfolio=mi-hobby\" title=\"\" target=\"_blank\" rel=\"noopener\">\n\t\t\t\t<img decoding=\"async\" src=\"https:\/\/www.voltproject.eu\/es\/wp-content\/uploads\/2023\/09\/VOLT_ICONS_V4-16.png\" alt=\"VOLT_ICONS_V4-14\" itemprop=\"image\"\/>\n\t\t\t\t\t\t\t<\/a>\n\t\t\t\t\t\t<figcaption>\n\t\t\t\t<h3>\n\t\t\t\t\t\t\t\t\t<a href=\"https:\/\/www.voltproject.eu\/es\/?portfolio=mi-hobby\" title=\"\" target=\"_blank\" rel=\"noopener\">\n\t\t\t\t\t\t\t\t\t<\/a>\n\t\t\t\t\t\t\t\t<\/h3>\n\t\t\t\t\t\t\t\t\t<p><a href=\"https:\/\/www.voltproject.eu\/es\/?portfolio=mi-hobby\">Mi hobby<\/a><\/p>\n\t\t\t\t\t\t\t<\/figcaption>\n\t\t<\/figure>\n\t\t\t\t<figure>\n\t\t\t\t\t\t\t<a href=\"https:\/\/www.voltproject.eu\/es\/?portfolio=rendimiento-laboral\" title=\"\" target=\"_blank\" rel=\"noopener\">\n\t\t\t\t<img decoding=\"async\" src=\"https:\/\/www.voltproject.eu\/es\/wp-content\/uploads\/2023\/09\/VOLT_ICONS_V4-17.png\" alt=\"VOLT_ICONS_V4-17\" itemprop=\"image\"\/>\n\t\t\t\t\t\t\t<\/a>\n\t\t\t\t\t\t<figcaption>\n\t\t\t\t<h3>\n\t\t\t\t\t\t\t\t\t<a href=\"https:\/\/www.voltproject.eu\/es\/?portfolio=rendimiento-laboral\" title=\"\" target=\"_blank\" rel=\"noopener\">\n\t\t\t\t\t\t\t\t\t<\/a>\n\t\t\t\t\t\t\t\t<\/h3>\n\t\t\t\t\t\t\t\t\t<p><a href=\"https:\/\/www.voltproject.eu\/es\/?portfolio=rendimiento-laboral\"><b>Rendimiento laboral<\/b><\/a><\/p>\n\t\t\t\t\t\t\t<\/figcaption>\n\t\t<\/figure>\n\t\t\t\t<figure>\n\t\t\t\t\t\t\t<a href=\"https:\/\/www.voltproject.eu\/es\/?portfolio=consecucion-de-objetivos\" title=\"\" target=\"_blank\" rel=\"noopener\">\n\t\t\t\t<img decoding=\"async\" src=\"https:\/\/www.voltproject.eu\/es\/wp-content\/uploads\/2023\/09\/VOLT_ICONS_V4-18.png\" alt=\"VOLT_ICONS_V4-17\" itemprop=\"image\"\/>\n\t\t\t\t\t\t\t<\/a>\n\t\t\t\t\t\t<figcaption>\n\t\t\t\t<h3>\n\t\t\t\t\t\t\t\t\t<a href=\"https:\/\/www.voltproject.eu\/es\/?portfolio=consecucion-de-objetivos\" title=\"\" target=\"_blank\" rel=\"noopener\">\n\t\t\t\t\t\t\t\t\t<\/a>\n\t\t\t\t\t\t\t\t<\/h3>\n\t\t\t\t\t\t\t\t\t<p><a href=\"https:\/\/www.voltproject.eu\/es\/?portfolio=consecucion-de-objetivos\">Consecuci\u00f3n de los objetivos<\/a><\/p>\n\t\t\t\t\t\t\t<\/figcaption>\n\t\t<\/figure>\n\t\t\t<a href=\"https:\/\/www.voltproject.eu\/es\/volt-videos\/\" target=\"_blank\" rel=\"noopener\">\n\t\t\t\t\t\tVER TODOS LOS V\u00cdDEOS\n\t\t\t\t\t<\/a>\n\n","protected":false},"excerpt":{"rendered":"<p>Premios Aprendizaje acad\u00e9mico Mi hobby Rendimiento laboral Consecuci\u00f3n de los objetivos VER TODOS LOS V\u00cdDEOS<\/p>\n","protected":false},"author":1,"featured_media":0,"parent":0,"menu_order":0,"comment_status":"closed","ping_status":"closed","template":"","meta":{"_monsterinsights_skip_tracking":false,"_monsterinsights_sitenote_active":false,"_monsterinsights_sitenote_note":"","_monsterinsights_sitenote_category":0,"footnotes":""},"_links":{"self":[{"href":"https:\/\/www.voltproject.eu\/es\/index.php?rest_route=\/wp\/v2\/pages\/6333"}],"collection":[{"href":"https:\/\/www.voltproject.eu\/es\/index.php?rest_route=\/wp\/v2\/pages"}],"about":[{"href":"https:\/\/www.voltproject.eu\/es\/index.php?rest_route=\/wp\/v2\/types\/page"}],"author":[{"embeddable":true,"href":"https:\/\/www.voltproject.eu\/es\/index.php?rest_route=\/wp\/v2\/users\/1"}],"replies":[{"embeddable":true,"href":"https:\/\/www.voltproject.eu\/es\/index.php?rest_route=%2Fwp%2Fv2%2Fcomments&post=6333"}],"version-history":[{"count":6,"href":"https:\/\/www.voltproject.eu\/es\/index.php?rest_route=\/wp\/v2\/pages\/6333\/revisions"}],"predecessor-version":[{"id":6604,"href":"https:\/\/www.voltproject.eu\/es\/index.php?rest_route=\/wp\/v2\/pages\/6333\/revisions\/6604"}],"wp:attachment":[{"href":"https:\/\/www.voltproject.eu\/es\/index.php?rest_route=%2Fwp%2Fv2%2Fmedia&parent=6333"}],"curies":[{"name":"wp","href":"https:\/\/api.w.org\/{rel}","templated":true}]}}