{"id":6196,"date":"2022-12-15T13:04:53","date_gmt":"2022-12-15T13:04:53","guid":{"rendered":"https:\/\/www.voltproject.eu\/?page_id=6196"},"modified":"2025-05-20T06:38:15","modified_gmt":"2025-05-20T06:38:15","slug":"6196-2","status":"publish","type":"page","link":"https:\/\/www.voltproject.eu\/es\/?page_id=6196","title":{"rendered":"Alumnos"},"content":{"rendered":"\n\n\t\t\t\t<img loading=\"lazy\" decoding=\"async\" src=\"https:\/\/www.voltproject.eu\/es\/wp-content\/uploads\/2024\/07\/LISTEN-ICON.gif\" alt=\"LISTEN-ICON\" itemprop=\"image\" height=\"77\" width=\"71\" title=\"LISTEN-ICON\" onerror=\"this.style.display='none'\"  \/>\n\t\t\t\t<img decoding=\"async\" src=\"https:\/\/www.voltproject.eu\/es\/wp-content\/plugins\/beaver-builder-lite-version\/img\/pixel.png\" alt=\"\" itemprop=\"image\" onerror=\"this.style.display='none'\"  \/>\n\t\t\t<a href=\"#\" role=\"button\">\n\t\t\t\t\t\t\tEscucha\n\t\t\t\t\t<\/a>\n\t\t\t\n<h2>\n\t\tAlumnos\n\t<\/h2>\n\t<p>El Manual para estudiantes es una gu\u00eda f\u00e1cil de seguir que ayuda a los alumnos de formaci\u00f3n profesional a desarrollar habilidades digitales creando y utilizando videos. Explica c\u00f3mo planificar, grabar, editar y compartir videos, fomentando el trabajo en equipo y la inclusi\u00f3n. El kit utiliza un lenguaje sencillo e incluye pasos claros, hojas de trabajo y herramientas en l\u00ednea para facilitar el aprendizaje a todos.<\/p>\n\t<div class=\"_df_book df-lite\" id=\"df_6683\"  _slug=\"volt-toolkit_es\" data-title=\"volt-toolkit_es\" wpoptions=\"true\" thumbtype=\"\" ><\/div><script class=\"df-shortcode-script\" nowprocket type=\"application\/javascript\">window.option_df_6683 = {\"outline\":[],\"viewerType\":\"flipbook\",\"autoEnableOutline\":\"false\",\"autoEnableThumbnail\":\"false\",\"overwritePDFOutline\":\"false\",\"direction\":\"1\",\"pageSize\":\"0\",\"source\":\"https:\\\/\\\/www.voltproject.eu\\\/es\\\/wp-content\\\/uploads\\\/2025\\\/05\\\/VOLT-Toolkit_ES.pdf\",\"wpOptions\":\"true\"}; if(window.DFLIP && window.DFLIP.parseBooks){window.DFLIP.parseBooks();}<\/script>\n\t\t\t\t<img loading=\"lazy\" decoding=\"async\" src=\"https:\/\/www.voltproject.eu\/es\/wp-content\/uploads\/2022\/12\/sam-balye-w1FwDvIreZU-unsplash-scaled.jpg\" alt=\"sam-balye-w1FwDvIreZU-unsplash\" itemprop=\"image\" height=\"1807\" width=\"2560\" title=\"sam-balye-w1FwDvIreZU-unsplash\" onerror=\"this.style.display='none'\"  \/>\n\n","protected":false},"excerpt":{"rendered":"<p>Escucha Alumnos El Manual para estudiantes es una gu\u00eda f\u00e1cil de seguir que ayuda a los alumnos de formaci\u00f3n profesional a desarrollar habilidades digitales creando y utilizando videos. Explica c\u00f3mo planificar, grabar, editar y compartir videos, fomentando el trabajo en equipo y la inclusi\u00f3n. El kit utiliza un lenguaje sencillo [&hellip;]<\/p>\n","protected":false},"author":1,"featured_media":0,"parent":0,"menu_order":0,"comment_status":"closed","ping_status":"closed","template":"","meta":{"_monsterinsights_skip_tracking":false,"_monsterinsights_sitenote_active":false,"_monsterinsights_sitenote_note":"","_monsterinsights_sitenote_category":0,"footnotes":""},"_links":{"self":[{"href":"https:\/\/www.voltproject.eu\/es\/index.php?rest_route=\/wp\/v2\/pages\/6196"}],"collection":[{"href":"https:\/\/www.voltproject.eu\/es\/index.php?rest_route=\/wp\/v2\/pages"}],"about":[{"href":"https:\/\/www.voltproject.eu\/es\/index.php?rest_route=\/wp\/v2\/types\/page"}],"author":[{"embeddable":true,"href":"https:\/\/www.voltproject.eu\/es\/index.php?rest_route=\/wp\/v2\/users\/1"}],"replies":[{"embeddable":true,"href":"https:\/\/www.voltproject.eu\/es\/index.php?rest_route=%2Fwp%2Fv2%2Fcomments&post=6196"}],"version-history":[{"count":8,"href":"https:\/\/www.voltproject.eu\/es\/index.php?rest_route=\/wp\/v2\/pages\/6196\/revisions"}],"predecessor-version":[{"id":6686,"href":"https:\/\/www.voltproject.eu\/es\/index.php?rest_route=\/wp\/v2\/pages\/6196\/revisions\/6686"}],"wp:attachment":[{"href":"https:\/\/www.voltproject.eu\/es\/index.php?rest_route=%2Fwp%2Fv2%2Fmedia&parent=6196"}],"curies":[{"name":"wp","href":"https:\/\/api.w.org\/{rel}","templated":true}]}}