{"id":5550,"date":"2016-12-03T15:08:37","date_gmt":"2016-12-03T15:08:37","guid":{"rendered":"http:\/\/demo.wpzoom.com\/reel\/?page_id=5550"},"modified":"2025-01-22T08:31:57","modified_gmt":"2025-01-22T08:31:57","slug":"homepage-2","status":"publish","type":"page","link":"https:\/\/www.voltproject.eu\/es\/","title":{"rendered":"Homepage"},"content":{"rendered":"\n\n\t\t\t\t<img loading=\"lazy\" decoding=\"async\" src=\"https:\/\/www.voltproject.eu\/es\/wp-content\/uploads\/2024\/07\/LISTEN-ICON.gif\" alt=\"LISTEN-ICON\" itemprop=\"image\" height=\"77\" width=\"71\" title=\"LISTEN-ICON\" onerror=\"this.style.display='none'\"  \/>\n\t\t\t\t<img decoding=\"async\" src=\"https:\/\/www.voltproject.eu\/es\/wp-content\/plugins\/beaver-builder-lite-version\/img\/pixel.png\" alt=\"\" itemprop=\"image\" onerror=\"this.style.display='none'\"  \/>\n\t\t\t<a href=\"#\" role=\"button\">\n\t\t\t\t\t\t\tEscucha\n\t\t\t\t\t<\/a>\n\t\t\t\n\t<h2>\n\t\t\t\t\tProyecto\n\t\t\t\t<\/h2>\n\t<p>La idea principal de este proyecto es promover la transformaci\u00f3n digital de los servicios de formaci\u00f3n mediante la creaci\u00f3n de materiales digitales inclusivos utilizando v\u00eddeos que faciliten el aprendizaje online y a distancia. El objetivo final es capacitar al personal y a los alumnos para que se conviertan en colaboradores, innovadores y creadores digitales utilizando v\u00eddeos y llegar a los alumnos que prefieren aprender a trav\u00e9s de materiales audiovisuales<\/p>\n\t\t\t<a href=\"https:\/\/www.voltproject.eu\/es\/about\/\" target=\"_self\" role=\"button\" rel=\"noopener\">\n\t\t\t\t\t\tQuienes somos\n\t\t<\/a>\n\t\t\t\t<img loading=\"lazy\" decoding=\"async\" src=\"https:\/\/www.voltproject.eu\/es\/wp-content\/uploads\/2022\/12\/logo-volt-rediomensionado.png\" alt=\"logo volt rediomensionado\" itemprop=\"image\" height=\"90\" width=\"370\" title=\"logo volt rediomensionado\" onerror=\"this.style.display='none'\"  \/>\n\t<h2>\n\t\t\t\t\tOBJETIVOS\n\t\t\t\t<\/h2>\n\t<p><strong>1 &#8211; GU\u00cdA PARA EL PROFESORADO DE FP<\/strong>: Un manual con v\u00eddeos que muestra paso a paso los usos pr\u00e1cticos de la tecnolog\u00eda, las aplicaciones de los v\u00eddeos en la formaci\u00f3n del alumnado, as\u00ed como las herramientas online y aplicaciones dise\u00f1adas para coproducir v\u00eddeos con los alumnos.<\/p>\n\t<p><strong>2 &#8211; HERRAMIENTAS PARA EL ALUMNADO:<\/strong> Una gu\u00eda que ense\u00f1ar\u00e1 a los alumnos a estudiar y crear a trav\u00e9s de v\u00eddeos; les ayudar\u00e1 a desarrollar habilidades digitales relacionadas con el acceso a la plataforma VOLT y el uso de v\u00eddeos para el aprendizaje.<\/p>\n\t<p><strong>3 &#8211; PLATAFORMA DE V\u00cdDEOS:<\/strong> Un espacio para compartir y ver los v\u00eddeos que se han creado<\/p>\n<h1>\n\t\tVIDEOS VOLT\n\t<\/h1>\n\t<div class=\"asl_w_container asl_w_container_1\">\r\n\t<div id='ajaxsearchlite1'\r\n\t\t data-id=\"1\"\r\n\t\t data-instance=\"1\"\r\n\t\t class=\"asl_w asl_m asl_m_1 asl_m_1_1\">\r\n\t\t<div class=\"probox\">\n\n\t\n\t<div class='prosettings' style='display:none;' data-opened=0>\n\t\t\t\t<div class='innericon'>\n\t\t\t<svg version=\"1.1\" xmlns=\"http:\/\/www.w3.org\/2000\/svg\" xmlns:xlink=\"http:\/\/www.w3.org\/1999\/xlink\" x=\"0px\" y=\"0px\" width=\"22\" height=\"22\" viewBox=\"0 0 512 512\" enable-background=\"new 0 0 512 512\" xml:space=\"preserve\">\n\t\t\t\t\t<polygon transform = \"rotate(90 256 256)\" points=\"142.332,104.886 197.48,50 402.5,256 197.48,462 142.332,407.113 292.727,256 \"\/>\n\t\t\t\t<\/svg>\n\t\t<\/div>\n\t<\/div>\n\n\t\n\t\n\t<div class='proinput'>\n        <form role=\"search\" action='#' autocomplete=\"off\"\n\t\t\t  aria-label=\"Search form\">\n\t\t\t<input aria-label=\"Search input\"\n\t\t\t\t   type='search' class='orig'\n\t\t\t\t   tabindex=\"0\"\n\t\t\t\t   name='phrase'\n\t\t\t\t   placeholder='busca tus v\u00eddeos aqu\u00ed...'\n\t\t\t\t   value=''\n\t\t\t\t   autocomplete=\"off\"\/>\n\t\t\t<input aria-label=\"Search autocomplete\"\n\t\t\t\t   type='text'\n\t\t\t\t   class='autocomplete'\n\t\t\t\t   tabindex=\"-1\"\n\t\t\t\t   name='phrase'\n\t\t\t\t   value=''\n\t\t\t\t   autocomplete=\"off\" disabled\/>\n\t\t\t<input type='submit' value=\"Start search\" style='width:0; height: 0; visibility: hidden;'>\n\t\t<\/form>\n\t<\/div>\n\n\t\n\t\n\t<button class='promagnifier' tabindex=\"0\" aria-label=\"Search magnifier\">\n\t\t\t\t<span class='innericon' style=\"display:block;\">\n\t\t\t<svg version=\"1.1\" xmlns=\"http:\/\/www.w3.org\/2000\/svg\" xmlns:xlink=\"http:\/\/www.w3.org\/1999\/xlink\" x=\"0px\" y=\"0px\" width=\"22\" height=\"22\" viewBox=\"0 0 512 512\" enable-background=\"new 0 0 512 512\" xml:space=\"preserve\">\n\t\t\t\t\t<path d=\"M460.355,421.59L353.844,315.078c20.041-27.553,31.885-61.437,31.885-98.037\n\t\t\t\t\t\tC385.729,124.934,310.793,50,218.686,50C126.58,50,51.645,124.934,51.645,217.041c0,92.106,74.936,167.041,167.041,167.041\n\t\t\t\t\t\tc34.912,0,67.352-10.773,94.184-29.158L419.945,462L460.355,421.59z M100.631,217.041c0-65.096,52.959-118.056,118.055-118.056\n\t\t\t\t\t\tc65.098,0,118.057,52.959,118.057,118.056c0,65.096-52.959,118.056-118.057,118.056C153.59,335.097,100.631,282.137,100.631,217.041\n\t\t\t\t\t\tz\"\/>\n\t\t\t\t<\/svg>\n\t\t<\/span>\n\t<\/button>\n\n\t\n\t\n\t<div class='proloading'>\n\n\t\t<div class=\"asl_loader\"><div class=\"asl_loader-inner asl_simple-circle\"><\/div><\/div>\n\n\t\t\t<\/div>\n\n\t\t\t<div class='proclose'>\n\t\t\t<svg version=\"1.1\" xmlns=\"http:\/\/www.w3.org\/2000\/svg\" xmlns:xlink=\"http:\/\/www.w3.org\/1999\/xlink\" x=\"0px\"\n\t\t\t\t y=\"0px\"\n\t\t\t\t width=\"12\" height=\"12\" viewBox=\"0 0 512 512\" enable-background=\"new 0 0 512 512\"\n\t\t\t\t xml:space=\"preserve\">\n\t\t\t\t<polygon points=\"438.393,374.595 319.757,255.977 438.378,137.348 374.595,73.607 255.995,192.225 137.375,73.622 73.607,137.352 192.246,255.983 73.622,374.625 137.352,438.393 256.002,319.734 374.652,438.378 \"\/>\n\t\t\t<\/svg>\n\t\t<\/div>\n\t\n\t\n<\/div>\t<\/div>\r\n\t<div class='asl_data_container' style=\"display:none !important;\">\r\n\t\t<div class=\"asl_init_data wpdreams_asl_data_ct\"\r\n\t style=\"display:none !important;\"\r\n\t id=\"asl_init_id_1\"\r\n\t data-asl-id=\"1\"\r\n\t data-asl-instance=\"1\"\r\n\t data-asldata=\"ew0KCSJob21ldXJsIjogImh0dHBzOi8vd3d3LnZvbHRwcm9qZWN0LmV1L2VzLyIsDQoJInJlc3VsdHN0eXBlIjogInZlcnRpY2FsIiwNCgkicmVzdWx0c3Bvc2l0aW9uIjogImhvdmVyIiwNCgkiaXRlbXNjb3VudCI6IDQsDQoJImNoYXJjb3VudCI6ICAwLA0KCSJoaWdobGlnaHQiOiAwLA0KCSJoaWdobGlnaHR3aG9sZXdvcmRzIjogMSwNCgkic2luZ2xlSGlnaGxpZ2h0IjogMCwNCgkic2Nyb2xsVG9SZXN1bHRzIjogew0KCQkiZW5hYmxlZCI6IDAsDQoJCSJvZmZzZXQiOiAwDQoJfSwNCgkicmVzdWx0YXJlYWNsaWNrYWJsZSI6IDEsDQoJImF1dG9jb21wbGV0ZSI6IHsNCgkJImVuYWJsZWQiIDogMSwNCgkJImxhbmciIDogImVuIiwNCgkJInRyaWdnZXJfY2hhcmNvdW50IiA6IDANCgl9LA0KCSJtb2JpbGUiOiB7DQoJCSJtZW51X3NlbGVjdG9yIjogIiNtZW51LXRvZ2dsZSINCgl9LA0KCSJ0cmlnZ2VyIjogew0KCQkiY2xpY2siOiAicmVzdWx0c19wYWdlIiwNCgkJImNsaWNrX2xvY2F0aW9uIjogInNhbWUiLA0KCQkidXBkYXRlX2hyZWYiOiAwLA0KCQkicmV0dXJuIjogInJlc3VsdHNfcGFnZSIsDQoJCSJyZXR1cm5fbG9jYXRpb24iOiAic2FtZSIsDQoJCSJmYWNldCI6IDEsDQoJCSJ0eXBlIjogMSwNCgkJInJlZGlyZWN0X3VybCI6ICI\/cz17cGhyYXNlfSIsDQoJCSJkZWxheSI6IDMwMA0KCX0sDQogICAgImFuaW1hdGlvbnMiOiB7DQogICAgICAgICJwYyI6IHsNCiAgICAgICAgICAgICJzZXR0aW5ncyI6IHsNCiAgICAgICAgICAgICAgICAiYW5pbSIgOiAiZmFkZWRyb3AiLA0KICAgICAgICAgICAgICAgICJkdXIiICA6IDMwMA0KICAgICAgICAgICAgfSwNCiAgICAgICAgICAgICJyZXN1bHRzIiA6IHsNCgkJCQkiYW5pbSIgOiAiZmFkZWRyb3AiLA0KCQkJCSJkdXIiICA6IDMwMA0KICAgICAgICAgICAgfSwNCiAgICAgICAgICAgICJpdGVtcyIgOiAidm9pZGFuaW0iDQogICAgICAgIH0sDQogICAgICAgICJtb2IiOiB7DQogICAgICAgICAgICAic2V0dGluZ3MiOiB7DQogICAgICAgICAgICAgICAgImFuaW0iIDogImZhZGVkcm9wIiwNCiAgICAgICAgICAgICAgICAiZHVyIiAgOiAzMDANCiAgICAgICAgICAgIH0sDQogICAgICAgICAgICAicmVzdWx0cyIgOiB7DQoJCQkJImFuaW0iIDogImZhZGVkcm9wIiwNCgkJCQkiZHVyIiAgOiAzMDANCiAgICAgICAgICAgIH0sDQogICAgICAgICAgICAiaXRlbXMiIDogInZvaWRhbmltIg0KICAgICAgICB9DQogICAgfSwNCgkiYXV0b3AiOiB7DQoJCSJzdGF0ZSI6ICJkaXNhYmxlZCIsDQoJCSJwaHJhc2UiOiAiIiwNCgkJImNvdW50IjogMQl9LA0KICAgICJyZXNQYWdlIjogew0KICAgICAgICAidXNlQWpheCI6IDAsDQogICAgICAgICJzZWxlY3RvciI6ICIjbWFpbiIsDQogICAgICAgICJ0cmlnZ2VyX3R5cGUiOiAxLA0KICAgICAgICAidHJpZ2dlcl9mYWNldCI6IDEsDQogICAgICAgICJ0cmlnZ2VyX21hZ25pZmllciI6IDAsDQogICAgICAgICJ0cmlnZ2VyX3JldHVybiI6IDAgICAgfSwNCgkicmVzdWx0c1NuYXBUbyI6ICJsZWZ0IiwNCiAgICAicmVzdWx0cyI6IHsNCiAgICAgICAgIndpZHRoIjogImF1dG8iLA0KICAgICAgICAid2lkdGhfdGFibGV0IjogImF1dG8iLA0KICAgICAgICAid2lkdGhfcGhvbmUiOiAiYXV0byINCiAgICB9LA0KCSJzZXR0aW5nc2ltYWdlcG9zIjogInJpZ2h0IiwNCgkiY2xvc2VPbkRvY0NsaWNrIjogMSwNCgkib3ZlcnJpZGV3cGRlZmF1bHQiOiAxLA0KCSJvdmVycmlkZV9tZXRob2QiOiAiZ2V0Ig0KfQ0K\"><\/div>\t<div id=\"asl_hidden_data\">\r\n\t\t<svg style=\"position:absolute\" height=\"0\" width=\"0\">\r\n\t\t\t<filter id=\"aslblur\">\r\n\t\t\t\t<feGaussianBlur in=\"SourceGraphic\" stdDeviation=\"4\"\/>\r\n\t\t\t<\/filter>\r\n\t\t<\/svg>\r\n\t\t<svg style=\"position:absolute\" height=\"0\" width=\"0\">\r\n\t\t\t<filter id=\"no_aslblur\"><\/filter>\r\n\t\t<\/svg>\r\n\t<\/div>\r\n\t<\/div>\r\n\r\n\t<div id='ajaxsearchliteres1'\n\t class='vertical wpdreams_asl_results asl_w asl_r asl_r_1 asl_r_1_1'>\n\n\t\n\t<div class=\"results\">\n\n\t\t\n\t\t<div class=\"resdrg\">\n\t\t<\/div>\n\n\t\t\n\t<\/div>\n\n\t\n\t\n<\/div>\n\r\n\t<div id='__original__ajaxsearchlitesettings1'\r\n\t\t data-id=\"1\"\r\n\t\t class=\"searchsettings wpdreams_asl_settings asl_w asl_s asl_s_1\">\r\n\t\t<form name='options'\n\t  aria-label=\"Search settings form\"\n\t  autocomplete = 'off'>\n\n\t\n\t\n\t<input type=\"hidden\" name=\"filters_changed\" style=\"display:none;\" value=\"0\">\n\t<input type=\"hidden\" name=\"filters_initial\" style=\"display:none;\" value=\"1\">\n\n\t<div class=\"asl_option_inner hiddend\">\n\t\t<input type='hidden' name='qtranslate_lang' id='qtranslate_lang1'\n\t\t\t   value='0'\/>\n\t<\/div>\n\n\t\n\t\n\t<fieldset class=\"asl_sett_scroll\">\n\t\t<legend style=\"display: none;\">Generic selectors<\/legend>\n\t\t<div class=\"asl_option\" tabindex=\"0\">\n\t\t\t<div class=\"asl_option_inner\">\n\t\t\t\t<input type=\"checkbox\" value=\"exact\"\n\t\t\t\t\t   aria-label=\"Exact matches only\"\n\t\t\t\t\t   name=\"asl_gen[]\" \/>\n\t\t\t\t<div class=\"asl_option_checkbox\"><\/div>\n\t\t\t<\/div>\n\t\t\t<div class=\"asl_option_label\">\n\t\t\t\tExact matches only\t\t\t<\/div>\n\t\t<\/div>\n\t\t<div class=\"asl_option\" tabindex=\"0\">\n\t\t\t<div class=\"asl_option_inner\">\n\t\t\t\t<input type=\"checkbox\" value=\"title\"\n\t\t\t\t\t   aria-label=\"Search in title\"\n\t\t\t\t\t   name=\"asl_gen[]\"  checked=\"checked\"\/>\n\t\t\t\t<div class=\"asl_option_checkbox\"><\/div>\n\t\t\t<\/div>\n\t\t\t<div class=\"asl_option_label\">\n\t\t\t\tSearch in title\t\t\t<\/div>\n\t\t<\/div>\n\t\t<div class=\"asl_option\" tabindex=\"0\">\n\t\t\t<div class=\"asl_option_inner\">\n\t\t\t\t<input type=\"checkbox\" value=\"content\"\n\t\t\t\t\t   aria-label=\"Search in content\"\n\t\t\t\t\t   name=\"asl_gen[]\"  checked=\"checked\"\/>\n\t\t\t\t<div class=\"asl_option_checkbox\"><\/div>\n\t\t\t<\/div>\n\t\t\t<div class=\"asl_option_label\">\n\t\t\t\tSearch in content\t\t\t<\/div>\n\t\t<\/div>\n\t\t<div class=\"asl_option_inner hiddend\">\n\t\t\t<input type=\"checkbox\" value=\"excerpt\"\n\t\t\t\t   aria-label=\"Search in excerpt\"\n\t\t\t\t   name=\"asl_gen[]\"  checked=\"checked\"\/>\n\t\t\t<div class=\"asl_option_checkbox\"><\/div>\n\t\t<\/div>\n\t<\/fieldset>\n\t<fieldset class=\"asl_sett_scroll\">\n\t\t<legend style=\"display: none;\">Post Type Selectors<\/legend>\n\t\t\t\t\t<div class=\"asl_option_inner hiddend\">\n\t\t\t\t<input type=\"checkbox\" value=\"portfolio_item\"\n\t\t\t\t\t   aria-label=\"Hidden option, ignore please\"\n\t\t\t\t\t   name=\"customset[]\" checked=\"checked\"\/>\n\t\t\t<\/div>\n\t\t\t\t<\/fieldset>\n\t<\/form>\n\t<\/div>\r\n<\/div>\n\t<h2>\n\t\t\t\t\t<a href=\"https:\/\/www.voltproject.eu\/es\/?page_id=6455\" title=\"News\" target=\"_self\" rel=\"noopener\">\n\t\t\t\t\t\tNews\n\t\t\t\t\t\t<\/a>\n\t\t\t<\/h2>\n\n","protected":false},"excerpt":{"rendered":"<p>Escucha Proyecto La idea principal de este proyecto es promover la transformaci\u00f3n digital de los servicios de formaci\u00f3n mediante la creaci\u00f3n de materiales digitales inclusivos utilizando v\u00eddeos que faciliten el aprendizaje online y a distancia. El objetivo final es capacitar al personal y a los alumnos para que se conviertan [&hellip;]<\/p>\n","protected":false},"author":1,"featured_media":0,"parent":0,"menu_order":0,"comment_status":"closed","ping_status":"closed","template":"page-templates\/homepage-builder-bb.php","meta":{"_monsterinsights_skip_tracking":false,"_monsterinsights_sitenote_active":false,"_monsterinsights_sitenote_note":"","_monsterinsights_sitenote_category":0,"footnotes":""},"_links":{"self":[{"href":"https:\/\/www.voltproject.eu\/es\/index.php?rest_route=\/wp\/v2\/pages\/5550"}],"collection":[{"href":"https:\/\/www.voltproject.eu\/es\/index.php?rest_route=\/wp\/v2\/pages"}],"about":[{"href":"https:\/\/www.voltproject.eu\/es\/index.php?rest_route=\/wp\/v2\/types\/page"}],"author":[{"embeddable":true,"href":"https:\/\/www.voltproject.eu\/es\/index.php?rest_route=\/wp\/v2\/users\/1"}],"replies":[{"embeddable":true,"href":"https:\/\/www.voltproject.eu\/es\/index.php?rest_route=%2Fwp%2Fv2%2Fcomments&post=5550"}],"version-history":[{"count":41,"href":"https:\/\/www.voltproject.eu\/es\/index.php?rest_route=\/wp\/v2\/pages\/5550\/revisions"}],"predecessor-version":[{"id":6528,"href":"https:\/\/www.voltproject.eu\/es\/index.php?rest_route=\/wp\/v2\/pages\/5550\/revisions\/6528"}],"wp:attachment":[{"href":"https:\/\/www.voltproject.eu\/es\/index.php?rest_route=%2Fwp%2Fv2%2Fmedia&parent=5550"}],"curies":[{"name":"wp","href":"https:\/\/api.w.org\/{rel}","templated":true}]}}