{"id":6196,"date":"2022-12-15T13:04:53","date_gmt":"2022-12-15T13:04:53","guid":{"rendered":"https:\/\/www.voltproject.eu\/?page_id=6196"},"modified":"2025-05-20T06:34:47","modified_gmt":"2025-05-20T06:34:47","slug":"6196-2","status":"publish","type":"page","link":"https:\/\/www.voltproject.eu\/de\/?page_id=6196","title":{"rendered":"Auszubildende"},"content":{"rendered":"\n\n\t<p>Das VOLT-Toolkit ist ein leicht verst\u00e4ndlicher Leitfaden, der Berufssch\u00fcler*innen dabei hilft, digitale F\u00e4higkeiten durch das Erstellen und Verwenden von Videos zu entwickeln. Es zeigt, wie man Videos plant, aufnimmt, bearbeitet und teilt &#8211; mit einem Schwerpunkt auf Zusammenarbeit und Inklusion. Das Toolkit verwendet eine einfache Sprache und enth\u00e4lt klare Anleitungen, Arbeitsbl\u00e4tter und Online-Werkzeuge, um das Lernen f\u00fcr alle zu erleichtern.<\/p>\n\t<div class=\"_df_book df-lite\" id=\"df_6686\"  _slug=\"volt-toolkit_de\" data-title=\"volt-toolkit_de\" wpoptions=\"true\" thumbtype=\"\" ><\/div><script class=\"df-shortcode-script\" nowprocket type=\"application\/javascript\">window.option_df_6686 = {\"outline\":[],\"viewerType\":\"flipbook\",\"autoEnableOutline\":\"false\",\"autoEnableThumbnail\":\"false\",\"overwritePDFOutline\":\"false\",\"direction\":\"1\",\"pageSize\":\"0\",\"source\":\"https:\\\/\\\/www.voltproject.eu\\\/de\\\/wp-content\\\/uploads\\\/2025\\\/05\\\/VOLT-Toolkit_DE1.pdf\",\"wpOptions\":\"true\"}; if(window.DFLIP && window.DFLIP.parseBooks){window.DFLIP.parseBooks();}<\/script>\n\t\t\t\t<img loading=\"lazy\" decoding=\"async\" src=\"https:\/\/www.voltproject.eu\/de\/wp-content\/uploads\/2022\/12\/sam-balye-w1FwDvIreZU-unsplash-scaled.jpg\" alt=\"sam-balye-w1FwDvIreZU-unsplash\" itemprop=\"image\" height=\"1807\" width=\"2560\" title=\"sam-balye-w1FwDvIreZU-unsplash\" onerror=\"this.style.display='none'\"  \/>\n\n","protected":false},"excerpt":{"rendered":"<p>Das VOLT-Toolkit ist ein leicht verst\u00e4ndlicher Leitfaden, der Berufssch\u00fcler*innen dabei hilft, digitale F\u00e4higkeiten durch das Erstellen und Verwenden von Videos zu entwickeln. Es zeigt, wie man Videos plant, aufnimmt, bearbeitet und teilt &#8211; mit einem Schwerpunkt auf Zusammenarbeit und Inklusion. Das Toolkit verwendet eine einfache Sprache und enth\u00e4lt klare Anleitungen, [&hellip;]<\/p>\n","protected":false},"author":1,"featured_media":0,"parent":0,"menu_order":0,"comment_status":"closed","ping_status":"closed","template":"","meta":{"_monsterinsights_skip_tracking":false,"_monsterinsights_sitenote_active":false,"_monsterinsights_sitenote_note":"","_monsterinsights_sitenote_category":0,"footnotes":""},"_links":{"self":[{"href":"https:\/\/www.voltproject.eu\/de\/index.php?rest_route=\/wp\/v2\/pages\/6196"}],"collection":[{"href":"https:\/\/www.voltproject.eu\/de\/index.php?rest_route=\/wp\/v2\/pages"}],"about":[{"href":"https:\/\/www.voltproject.eu\/de\/index.php?rest_route=\/wp\/v2\/types\/page"}],"author":[{"embeddable":true,"href":"https:\/\/www.voltproject.eu\/de\/index.php?rest_route=\/wp\/v2\/users\/1"}],"replies":[{"embeddable":true,"href":"https:\/\/www.voltproject.eu\/de\/index.php?rest_route=%2Fwp%2Fv2%2Fcomments&post=6196"}],"version-history":[{"count":12,"href":"https:\/\/www.voltproject.eu\/de\/index.php?rest_route=\/wp\/v2\/pages\/6196\/revisions"}],"predecessor-version":[{"id":6689,"href":"https:\/\/www.voltproject.eu\/de\/index.php?rest_route=\/wp\/v2\/pages\/6196\/revisions\/6689"}],"wp:attachment":[{"href":"https:\/\/www.voltproject.eu\/de\/index.php?rest_route=%2Fwp%2Fv2%2Fmedia&parent=6196"}],"curies":[{"name":"wp","href":"https:\/\/api.w.org\/{rel}","templated":true}]}}