{"id":6177,"date":"2022-12-15T08:52:53","date_gmt":"2022-12-15T08:52:53","guid":{"rendered":"https:\/\/www.voltproject.eu\/?page_id=6177"},"modified":"2024-07-12T09:48:15","modified_gmt":"2024-07-12T09:48:15","slug":"who-we-are","status":"publish","type":"page","link":"https:\/\/www.voltproject.eu\/de\/?page_id=6177","title":{"rendered":"Wer wir sind"},"content":{"rendered":"\n\n\t\t\t\t<img loading=\"lazy\" decoding=\"async\" src=\"https:\/\/www.voltproject.eu\/de\/wp-content\/uploads\/2024\/07\/LISTEN-ICON.gif\" alt=\"Listen icon\" itemprop=\"image\" height=\"77\" width=\"71\" title=\"LISTEN-ICON\" onerror=\"this.style.display='none'\"  \/>\n\t\t\t<a href=\"#\" role=\"button\">\n\t\t\t\t\t\t\tH\u00f6ren\n\t\t\t\t\t<\/a>\n\t\t\t\n<h1>\n\t\tWho we are\n\t<\/h1>\n\t\t\t\t<figure>\n\t\t\t\t\t\t\t<a href=\"https:\/\/www.theotokosfoundation.org\/\" title=\"THEOTOKOS FOUNDATION- Projekt-Koordination \t\t \t\t \t\t \t\t\" target=\"_blank\" rel=\"noopener\">\n\t\t\t\t<img decoding=\"async\" src=\"https:\/\/www.voltproject.eu\/de\/wp-content\/uploads\/2022\/12\/theotokos.png\" alt=\"theotokos\" itemprop=\"image\"\/>\n\t\t\t\t\t\t\t<\/a>\n\t\t\t\t\t\t<figcaption>\n\t\t\t\t<h3>\n\t\t\t\t\t\t\t\t\t<a href=\"https:\/\/www.theotokosfoundation.org\/\" title=\"THEOTOKOS FOUNDATION- Projekt-Koordination \t\t \t\t \t\t \t\t\" target=\"_blank\" rel=\"noopener\">\n\t\t\t\t\t\t\t\tTHEOTOKOS FOUNDATION- Projekt-Koordination \t\t \t\t \t\t \t\t\n\t\t\t\t\t\t\t\t\t<\/a>\n\t\t\t\t\t\t\t\t<\/h3>\n\t\t\t\t\t\t\t\t\t<p>THEOTOKOS FOUNDATION- CoordinatorTHEOTOKOS FOUNDATION- Projekt-Koordination.<br \/>Die THEOTOKOS-Stiftung ist eine gemeinn\u00fctzige Einrichtung, die Rehabilitation f\u00fcr Kinder und junge Erwachsene mit geistigen Entwicklungsst\u00f6rungen und Autismus-Spektrum-St\u00f6rungen anbietet. Sie wurde 1963 gegr\u00fcndet und ist die gr\u00f6\u00dfte Einrichtung ihrer Art in Griechenland. Die Stiftung bietet Dienstleistungen f\u00fcr Menschen im Alter von 2 \u00bd bis 35 Jahren an und neben den Klient*innen auch deren Familien. Die Angebote umfassen Bildung, Therapie und Ausbildung mit dem Ziel, die volle Teilhabe an der Gesellschaft zu erm\u00f6glichen. Alle Angebote sind nach dem personenzentrierten Ansatz gestaltet und werden von interdisziplin\u00e4ren Teams unterst\u00fctzt. Zu den spezifischen Fachgebieten geh\u00f6ren die Sonderp\u00e4dagogik, die Fr\u00fchf\u00f6rderung, die Entwicklung von Alltagskompetenzen, die Berufsvorbereitung und Berufsausbildung sowie die F\u00f6rderung der unterst\u00fctzten Besch\u00e4ftigung. <br \/>Die Werte, die den Dienstleistungen zugrunde liegen, sind die Achtung der Menschenrechte, Eingliederung und Bef\u00e4higung, um eine gleichberechtigte Teilhabe an Bildung, Ausbildung, Arbeit, Gesellschaft und Leben zu gew\u00e4hrleisten.\u00a0<\/p>\n\t\t\t\t\t\t\t<\/figcaption>\n\t\t<\/figure>\n\t\t\t\t<figure>\n\t\t\t\t\t\t\t<a href=\"https:\/\/www.epr.eu\" title=\"Europ\u00e4ische Plattform f\u00fcr Rehabilitation (EPR) \t\t \t\t \t\t \t\t\" target=\"_blank\" rel=\"noopener\">\n\t\t\t\t<img decoding=\"async\" src=\"https:\/\/www.voltproject.eu\/de\/wp-content\/uploads\/2022\/12\/epr-dimensionado.png\" alt=\"theotokos\" itemprop=\"image\"\/>\n\t\t\t\t\t\t\t<\/a>\n\t\t\t\t\t\t<figcaption>\n\t\t\t\t<h3>\n\t\t\t\t\t\t\t\t\t<a href=\"https:\/\/www.epr.eu\" title=\"Europ\u00e4ische Plattform f\u00fcr Rehabilitation (EPR) \t\t \t\t \t\t \t\t\" target=\"_blank\" rel=\"noopener\">\n\t\t\t\t\t\t\t\tEurop\u00e4ische Plattform f\u00fcr Rehabilitation (EPR) \t\t \t\t \t\t \t\t\n\t\t\t\t\t\t\t\t\t<\/a>\n\t\t\t\t\t\t\t\t<\/h3>\n\t\t\t\t\t\t\t\t\t<p>Europ\u00e4ische Plattform f\u00fcr Rehabilitation (EPR)<br \/>Die Europ\u00e4ische Plattform f\u00fcr Rehabilitation (EPR) ist ein Netzwerk von Dienstleistern f\u00fcr Menschen mit Behinderungen, die sich f\u00fcr eine qualitativ hochwertige Leistungserbringung einsetzen. Sie ist auf europ\u00e4ischer Ebene in den Bereichen Besch\u00e4ftigung, allgemeine und berufliche Bildung, berufliche Rehabilitation, Sozialf\u00fcrsorge und medizinische Rehabilitation t\u00e4tig und verf\u00fcgt \u00fcber bereichs\u00fcbergreifendes Fachwissen in den Bereichen Koproduktion, Qualit\u00e4tsmanagement, Lebensqualit\u00e4t und psychische Gesundheit. Ziel der EPR ist es, seine Mitgliedsorganisationen dabei zu unterst\u00fctzen, durch gemeinsames Lernen und Schulungsangebote nachhaltige, qualitativ hochwertige Dienstleistungen anzubieten. Die EPR hat 27 Mitglieder in 19 EU-L\u00e4ndern (und 1 Nicht-EU-Land). Bei den Mitgliedern handelt es sich um gemeinn\u00fctzige oder staatliche f\u00fchrende Dienstleistungsanbieter auf lokaler oder regionaler Ebene oder um nationale Dachverb\u00e4nde. In den letzten 25 Jahren hat EPR umfangreiche praktische Erfahrungen in der transnationalen Zusammenarbeit u. a. in den Bereichen Berufsbildung, Besch\u00e4ftigung, Wiedereingliederung in den Arbeitsmarkt, Forschung und Entwicklung, Innovation und IKT-gest\u00fctztes Lernen, sowie Qualit\u00e4tsstandards in den genannten Bereichen gesammelt und aufgebaut.\u00a0<\/p>\n\t\t\t\t\t\t\t<\/figcaption>\n\t\t<\/figure>\n\t\t\t\t<figure>\n\t\t\t\t\t\t\t<a href=\"https:\/\/rehab.ie\/\" title=\"Die Reha-Gruppe\t \t\t \t\t \t\t \t\t\" target=\"_blank\" rel=\"noopener\">\n\t\t\t\t<img decoding=\"async\" src=\"https:\/\/www.voltproject.eu\/de\/wp-content\/uploads\/2022\/12\/rehab-dimensionado.png\" alt=\"theotokos\" itemprop=\"image\"\/>\n\t\t\t\t\t\t\t<\/a>\n\t\t\t\t\t\t<figcaption>\n\t\t\t\t<h3>\n\t\t\t\t\t\t\t\t\t<a href=\"https:\/\/rehab.ie\/\" title=\"Die Reha-Gruppe\t \t\t \t\t \t\t \t\t\" target=\"_blank\" rel=\"noopener\">\n\t\t\t\t\t\t\t\tDie Reha-Gruppe\t \t\t \t\t \t\t \t\t\n\t\t\t\t\t\t\t\t\t<\/a>\n\t\t\t\t\t\t\t\t<\/h3>\n\t\t\t\t\t\t\t\t\t<p>Die Reha-Gruppe<br \/>Rehab ist eine unabh\u00e4ngige Freiwilligenorganisation, die seit mehr als 70 Jahren Dienstleistungen und Unterst\u00fctzung f\u00fcr Menschen mit Behinderungen anbietet. Wir sind eine international anerkannte und innovative Wohlt\u00e4tigkeitsorganisation, die es mehr als 10.000 Menschen mit Behinderungen erm\u00f6glicht, ein selbstbestimmtes Leben zu f\u00fchren. Wir sind eine Organisation, die sich f\u00fcr die Menschen, die unsere Dienste in Anspruch nehmen, und ihre Familien einsetzt. Unser Ziel ist es, das Leben der von uns betreuten Menschen zu ver\u00e4ndern, indem wir ihnen helfen, unabh\u00e4ngiger zu werden und sich st\u00e4rker in ihre Gemeinschaften einzubringen, indem wir sie mit den F\u00e4higkeiten ausstatten und das notwendige Selbstvertrauen vermitteln, um aktiv am Arbeitsleben teilzunehmen, und Ihnen die M\u00f6glichkeit geben, ihre Gesundheit und ihr Wohlbefinden selbst in die Hand zu nehmen.<\/p>\n\t\t\t\t\t\t\t<\/figcaption>\n\t\t<\/figure>\n\t\t\t\t<figure>\n\t\t\t\t\t\t\t<a href=\"https:\/\/www.mariaberg.de\/\" title=\"Mariaberg e.V.\t\t \t\t \t\t \t\t \t\t\" target=\"_blank\" rel=\"noopener\">\n\t\t\t\t<img decoding=\"async\" src=\"https:\/\/www.voltproject.eu\/de\/wp-content\/uploads\/2022\/12\/mariaberg-dimensionado.png\" alt=\"theotokos\" itemprop=\"image\"\/>\n\t\t\t\t\t\t\t<\/a>\n\t\t\t\t\t\t<figcaption>\n\t\t\t\t<h3>\n\t\t\t\t\t\t\t\t\t<a href=\"https:\/\/www.mariaberg.de\/\" title=\"Mariaberg e.V.\t\t \t\t \t\t \t\t \t\t\" target=\"_blank\" rel=\"noopener\">\n\t\t\t\t\t\t\t\tMariaberg e.V.\t\t \t\t \t\t \t\t \t\t\n\t\t\t\t\t\t\t\t\t<\/a>\n\t\t\t\t\t\t\t\t<\/h3>\n\t\t\t\t\t\t\t\t\t<p>Mariaberg e.V.<br \/>Mariaberg e.V. ist ein gemeinn\u00fctziger Verein, der seit 1847 besteht. Er ist ein \u00fcberregionales Zentrum f\u00fcr gemeindenahe und wohnortnahe Dienstleistungen in der Jugendhilfe, der Behindertenhilfe und der Gesundheitsversorgung mit 1700 Mitarbeitern und 2700 Nutzern in 5 Landkreisen. Mariaberg ist eine der \u00e4ltesten Komplexeinrichtungen in Deutschland, die ganzheitliche Dienstleistungen, vom Wohnen \u00fcber die Schule bis hin zur Besch\u00e4ftigung in Werkst\u00e4tten f\u00fcr behinderte und sozial benachteiligte Menschen anbietet. Wir bieten allen Menschen &#8211; unabh\u00e4ngig von der Schwere ihrer Behinderung &#8211; Unterst\u00fctzung und Hilfe an. Eine unserer St\u00e4rken ist die Spezialisierung zum Beispiel in unserem Kinder- und Jugendpsychiatrischen Zentrum f\u00fcr Menschen mit und ohne geistige Behinderung. Mariaberg ist auch Bildungstr\u00e4ger f\u00fcr Aus-, Fort- und Weiterbildung und Berufsschule.<\/p>\n\t\t\t\t\t\t\t<\/figcaption>\n\t\t<\/figure>\n\t\t\t\t<figure>\n\t\t\t\t\t\t\t<a href=\"http:\/\/www.intras.es\/\" title=\"Fundaci\u00f3n INTRAS\" target=\"_blank\" rel=\"noopener\">\n\t\t\t\t<img decoding=\"async\" src=\"https:\/\/www.voltproject.eu\/de\/wp-content\/uploads\/2022\/12\/INTRAS.png\" alt=\"theotokos\" itemprop=\"image\"\/>\n\t\t\t\t\t\t\t<\/a>\n\t\t\t\t\t\t<figcaption>\n\t\t\t\t<h3>\n\t\t\t\t\t\t\t\t\t<a href=\"http:\/\/www.intras.es\/\" title=\"Fundaci\u00f3n INTRAS\" target=\"_blank\" rel=\"noopener\">\n\t\t\t\t\t\t\t\tFundaci\u00f3n INTRAS\n\t\t\t\t\t\t\t\t\t<\/a>\n\t\t\t\t\t\t\t\t<\/h3>\n\t\t\t\t\t\t\t\t\t<p>Fundaci\u00f3n INTRAS<br \/>Die Fundaci\u00f3n INTRAS ist eine gemeinn\u00fctzige Organisation mit dem Ziel, die Lebensqualit\u00e4t von Menschen mit psychischen Erkrankungen zu verbessern. Die Stiftung verwaltet 29 Zentren und besch\u00e4ftigt \u00fcber 500 Fachkr\u00e4fte. Sie bietet ihren Kunden eine Vielzahl von Dienstleistungen in den Bereichen Wohnen, Berufsausbildung, psychosoziale Rehabilitation, Arbeitsintegration, Kultur und Freizeit. Die Organisation st\u00fctzt ihre Dienstleistungen und Programme auf den Recovery-Ansatz, der Menschen mit psychischen Problemen ein selbstbestimmtes und selbstbewusstes Leben erm\u00f6glicht. INTRAS legt gro\u00dfen Wert auf die Achtung der Menschenrechte im Rahmen der Gesundheits- und Sozialdienste. Seit 2011 ist INTRAS im Besitz eines europ\u00e4ischen Exzellenzsiegels +400<\/p>\n\t\t\t\t\t\t\t<\/figcaption>\n\t\t<\/figure>\n\n","protected":false},"excerpt":{"rendered":"<p>H\u00f6ren Who we are THEOTOKOS FOUNDATION- Projekt-Koordination THEOTOKOS FOUNDATION- CoordinatorTHEOTOKOS FOUNDATION- Projekt-Koordination.Die THEOTOKOS-Stiftung ist eine gemeinn\u00fctzige Einrichtung, die Rehabilitation f\u00fcr Kinder und junge Erwachsene mit geistigen Entwicklungsst\u00f6rungen und Autismus-Spektrum-St\u00f6rungen anbietet. Sie wurde 1963 gegr\u00fcndet und ist die gr\u00f6\u00dfte Einrichtung ihrer Art in Griechenland. Die Stiftung bietet Dienstleistungen f\u00fcr Menschen im [&hellip;]<\/p>\n","protected":false},"author":1,"featured_media":0,"parent":0,"menu_order":0,"comment_status":"closed","ping_status":"closed","template":"","meta":{"_monsterinsights_skip_tracking":false,"_monsterinsights_sitenote_active":false,"_monsterinsights_sitenote_note":"","_monsterinsights_sitenote_category":0,"footnotes":""},"_links":{"self":[{"href":"https:\/\/www.voltproject.eu\/de\/index.php?rest_route=\/wp\/v2\/pages\/6177"}],"collection":[{"href":"https:\/\/www.voltproject.eu\/de\/index.php?rest_route=\/wp\/v2\/pages"}],"about":[{"href":"https:\/\/www.voltproject.eu\/de\/index.php?rest_route=\/wp\/v2\/types\/page"}],"author":[{"embeddable":true,"href":"https:\/\/www.voltproject.eu\/de\/index.php?rest_route=\/wp\/v2\/users\/1"}],"replies":[{"embeddable":true,"href":"https:\/\/www.voltproject.eu\/de\/index.php?rest_route=%2Fwp%2Fv2%2Fcomments&post=6177"}],"version-history":[{"count":14,"href":"https:\/\/www.voltproject.eu\/de\/index.php?rest_route=\/wp\/v2\/pages\/6177\/revisions"}],"predecessor-version":[{"id":6377,"href":"https:\/\/www.voltproject.eu\/de\/index.php?rest_route=\/wp\/v2\/pages\/6177\/revisions\/6377"}],"wp:attachment":[{"href":"https:\/\/www.voltproject.eu\/de\/index.php?rest_route=%2Fwp%2Fv2%2Fmedia&parent=6177"}],"curies":[{"name":"wp","href":"https:\/\/api.w.org\/{rel}","templated":true}]}}